{"id":32,"date":"2021-03-30T12:48:29","date_gmt":"2021-03-30T12:48:29","guid":{"rendered":"http:\/\/v43173.php-friends.de\/carrosserie12\/?page_id=32"},"modified":"2022-04-14T13:43:54","modified_gmt":"2022-04-14T13:43:54","slug":"home","status":"publish","type":"page","link":"https:\/\/carrosserie12.ch\/","title":{"rendered":"Carrosserie12 GmbH"},"content":{"rendered":"\n<div class=\"wp-block-cover alignfull has-nv-text-dark-bg-background-color has-background-dim\" style=\"min-height:700px;aspect-ratio:unset;\"><img loading=\"lazy\" decoding=\"async\" width=\"1182\" height=\"665\" class=\"wp-block-cover__image-background wp-image-126\" alt=\"\" src=\"https:\/\/carrosserie12.ch\/wp-content\/uploads\/2021\/04\/AAFF04A3-6664-4740-9FBE-8F3342E339DA_1_105_c.jpeg\" style=\"object-position:50% 52%\" data-object-fit=\"cover\" data-object-position=\"50% 52%\" srcset=\"https:\/\/carrosserie12.ch\/wp-content\/uploads\/2021\/04\/AAFF04A3-6664-4740-9FBE-8F3342E339DA_1_105_c.jpeg 1182w, https:\/\/carrosserie12.ch\/wp-content\/uploads\/2021\/04\/AAFF04A3-6664-4740-9FBE-8F3342E339DA_1_105_c-300x169.jpeg 300w, https:\/\/carrosserie12.ch\/wp-content\/uploads\/2021\/04\/AAFF04A3-6664-4740-9FBE-8F3342E339DA_1_105_c-1024x576.jpeg 1024w, https:\/\/carrosserie12.ch\/wp-content\/uploads\/2021\/04\/AAFF04A3-6664-4740-9FBE-8F3342E339DA_1_105_c-768x432.jpeg 768w\" sizes=\"auto, (max-width: 1182px) 100vw, 1182px\" \/><div class=\"wp-block-cover__inner-container is-layout-flow wp-block-cover-is-layout-flow\">\n<div style=\"height:80px\" aria-hidden=\"true\" class=\"wp-block-spacer\"><\/div>\n\n\n\n<h1 class=\"has-text-align-center has-text-color wp-block-heading\" style=\"color:#121212\">Willkommen bei der Carrosserie12 GmbH<\/h1>\n\n\n\n<p class=\"has-text-align-center\"><span class=\"has-inline-color has-neve-link-color-color\">Es freut uns, dass sie unsere Homepage besuchen. Kundenn\u00e4he und zuverl\u00e4ssiger kompetenter Service &#8211; darauf legen wir bei der Carrosserie 12 GmbH grossen Wert.<br>Individuelle W\u00fcnsche sind eine Herausforderung die wir gerne annehmen.<\/span><\/p>\n\n\n\n<div class=\"wp-block-buttons is-content-justification-center is-layout-flex wp-block-buttons-is-layout-flex\"><\/div>\n\n\n\n<div class=\"wp-block-buttons is-layout-flex wp-block-buttons-is-layout-flex\"><\/div>\n<\/div><\/div>\n\n\n\n<div style=\"height:80px\" aria-hidden=\"true\" class=\"wp-block-spacer\"><\/div>\n\n\n\n<div class=\"wp-block-columns is-layout-flex wp-container-core-columns-is-layout-9d6595d7 wp-block-columns-is-layout-flex\">\n<div class=\"wp-block-column is-layout-flow wp-block-column-is-layout-flow\">\n<div class=\"wp-block-image icon-style is-style-default\"><figure class=\"aligncenter is-resized\"><img loading=\"lazy\" decoding=\"async\" src=\"https:\/\/carrosserie12.ch\/wp-content\/themes\/neve\/assets\/img\/starter-content\/icon-03.svg\" alt=\"\" width=\"48\" height=\"48\"\/><\/figure><\/div>\n\n\n\n<h3 class=\"has-text-align-center has-neve-text-color-color has-text-color wp-block-heading\">Faire Preiskultur<\/h3>\n\n\n\n<p class=\"has-text-align-center\">Bei uns haben alle Kunden die gleichen Preise, da wir jedem von Anfang an den besten Preis offerieren.<\/p>\n\n\n\n<div style=\"height:20px\" aria-hidden=\"true\" class=\"wp-block-spacer\"><\/div>\n<\/div>\n\n\n\n<div class=\"wp-block-column is-layout-flow wp-block-column-is-layout-flow\">\n<div class=\"wp-block-image icon-style is-style-default\"><figure class=\"aligncenter is-resized\"><img loading=\"lazy\" decoding=\"async\" src=\"https:\/\/carrosserie12.ch\/wp-content\/themes\/neve\/assets\/img\/starter-content\/icon-02.svg\" alt=\"\" width=\"48\" height=\"48\"\/><\/figure><\/div>\n\n\n\n<h3 class=\"has-text-align-center has-neve-text-color-color has-text-color wp-block-heading\">Professionell<\/h3>\n\n\n\n<p class=\"has-text-align-center\">Mit \u00fcber 8 Jahren Erfahrung in der Automobilbranche sind wir Ihr richtiger Partner.<\/p>\n\n\n\n<div style=\"height:20px\" aria-hidden=\"true\" class=\"wp-block-spacer\"><\/div>\n<\/div>\n\n\n\n<div class=\"wp-block-column is-layout-flow wp-block-column-is-layout-flow\">\n<div class=\"wp-block-image icon-style is-style-rounded\"><figure class=\"aligncenter is-resized\"><img loading=\"lazy\" decoding=\"async\" src=\"https:\/\/carrosserie12.ch\/wp-content\/themes\/neve\/assets\/img\/starter-content\/icon-01.svg\" alt=\"\" width=\"48\" height=\"48\"\/><\/figure><\/div>\n\n\n\n<h3 class=\"has-text-align-center has-neve-text-color-color has-text-color wp-block-heading\">Schnelle Arbeit<\/h3>\n\n\n\n<p class=\"has-text-align-center\">Wir geben immer unser Bestes, damit Ihr Auftrag fachgerecht und schnell abgeschlossen wird und Sie nicht lange auf Ihr Fahrzeug verzichten m\u00fcssen.<\/p>\n\n\n\n<div style=\"height:20px\" aria-hidden=\"true\" class=\"wp-block-spacer\"><\/div>\n<\/div>\n<\/div>\n\n\n\n<div style=\"height:42px\" aria-hidden=\"true\" class=\"wp-block-spacer\"><\/div>\n\n\n\n<div class=\"wp-block-cover alignfull has-nv-light-bg-background-color has-background-dim\" style=\"min-height:600px;aspect-ratio:unset;\"><div class=\"wp-block-cover__inner-container is-layout-flow wp-block-cover-is-layout-flow\">\n<div class=\"wp-block-group\"><div class=\"wp-block-group__inner-container is-layout-flow wp-block-group-is-layout-flow\">\n<div style=\"height:80px\" aria-hidden=\"true\" class=\"wp-block-spacer\"><\/div>\n\n\n\n<div class=\"wp-block-columns are-vertically-aligned-center is-layout-flex wp-container-core-columns-is-layout-9d6595d7 wp-block-columns-is-layout-flex\">\n<div class=\"wp-block-column is-vertically-aligned-center is-layout-flow wp-block-column-is-layout-flow\" style=\"flex-basis:50%\">\n<figure class=\"wp-block-image size-large is-resized\"><img decoding=\"async\" src=\"https:\/\/carrosserie12.ch\/wp-content\/uploads\/2021\/03\/headlamp-2940-edited-scaled.jpg\" alt=\"\" class=\"wp-image-62\" width=\"571\" srcset=\"https:\/\/carrosserie12.ch\/wp-content\/uploads\/2021\/03\/headlamp-2940-edited-scaled.jpg 2560w, https:\/\/carrosserie12.ch\/wp-content\/uploads\/2021\/03\/headlamp-2940-edited-300x300.jpg 300w, https:\/\/carrosserie12.ch\/wp-content\/uploads\/2021\/03\/headlamp-2940-edited-1024x1022.jpg 1024w, https:\/\/carrosserie12.ch\/wp-content\/uploads\/2021\/03\/headlamp-2940-edited-150x150.jpg 150w, https:\/\/carrosserie12.ch\/wp-content\/uploads\/2021\/03\/headlamp-2940-edited-768x767.jpg 768w, https:\/\/carrosserie12.ch\/wp-content\/uploads\/2021\/03\/headlamp-2940-edited-1536x1533.jpg 1536w, https:\/\/carrosserie12.ch\/wp-content\/uploads\/2021\/03\/headlamp-2940-edited-2048x2044.jpg 2048w\" sizes=\"(max-width: 2560px) 100vw, 2560px\" \/><\/figure>\n<\/div>\n\n\n\n<div class=\"wp-block-column is-vertically-aligned-center is-layout-flow wp-block-column-is-layout-flow\" style=\"flex-basis:50%\">\n<div style=\"height:20px\" aria-hidden=\"true\" class=\"wp-block-spacer\"><\/div>\n\n\n\n<h2 class=\"has-text-align-left has-neve-text-color-color has-text-color wp-block-heading\">Unfallreparaturen<\/h2>\n\n\n\n<p class=\"has-text-align-left has-neve-text-color-color has-text-color\" style=\"font-size:17px\">Zu sp\u00e4t gebremst? Einen anderen Verkehrsteilnehmer \u00fcbersehen? Kein Problem. Wir k\u00fcmmern uns gerne um Ihr Auto, damit Sie bald wieder sicher auf den Strassen unterwegs sind.<\/p>\n\n\n\n<div class=\"wp-block-buttons is-content-justification-left is-layout-flex wp-block-buttons-is-layout-flex\"><\/div>\n<\/div>\n<\/div>\n\n\n\n<div style=\"height:40px\" aria-hidden=\"true\" class=\"wp-block-spacer\"><\/div>\n<\/div><\/div>\n<\/div><\/div>\n\n\n\n<div class=\"wp-block-cover alignfull has-nv-site-bg-background-color has-background-dim\" style=\"min-height:600px;aspect-ratio:unset;\"><div class=\"wp-block-cover__inner-container is-layout-flow wp-block-cover-is-layout-flow\">\n<div class=\"wp-block-group\"><div class=\"wp-block-group__inner-container is-layout-flow wp-block-group-is-layout-flow\">\n<div style=\"height:80px\" aria-hidden=\"true\" class=\"wp-block-spacer\"><\/div>\n\n\n\n<div class=\"wp-block-columns are-vertically-aligned-center is-layout-flex wp-container-core-columns-is-layout-9d6595d7 wp-block-columns-is-layout-flex\">\n<div class=\"wp-block-column is-vertically-aligned-center is-layout-flow wp-block-column-is-layout-flow\" style=\"flex-basis:50%\">\n<h2 class=\"has-text-align-left has-neve-text-color-color has-text-color wp-block-heading\">Frontscheibenservice<\/h2>\n\n\n\n<p class=\"has-text-align-left has-neve-text-color-color has-text-color\" style=\"font-size:17px\">Ein Steinschlag ist schnell passiert. Gerne schauen wir uns Ihre Frontscheibe an, wechseln diese aus und rechnen direkt mit Ihrer Versicherung ab.<\/p>\n\n\n\n<div class=\"wp-block-buttons is-content-justification-left is-layout-flex wp-block-buttons-is-layout-flex\"><\/div>\n\n\n\n<div style=\"height:40px\" aria-hidden=\"true\" class=\"wp-block-spacer\"><\/div>\n<\/div>\n\n\n\n<div class=\"wp-block-column is-vertically-aligned-center is-layout-flow wp-block-column-is-layout-flow\" style=\"flex-basis:50%\">\n<figure class=\"wp-block-image size-large\"><img loading=\"lazy\" decoding=\"async\" width=\"1281\" height=\"1278\" src=\"https:\/\/carrosserie12.ch\/wp-content\/uploads\/2021\/03\/glass-1749697_1920-edited.jpg\" alt=\"\" class=\"wp-image-67\" srcset=\"https:\/\/carrosserie12.ch\/wp-content\/uploads\/2021\/03\/glass-1749697_1920-edited.jpg 1281w, https:\/\/carrosserie12.ch\/wp-content\/uploads\/2021\/03\/glass-1749697_1920-edited-300x300.jpg 300w, https:\/\/carrosserie12.ch\/wp-content\/uploads\/2021\/03\/glass-1749697_1920-edited-1024x1022.jpg 1024w, https:\/\/carrosserie12.ch\/wp-content\/uploads\/2021\/03\/glass-1749697_1920-edited-150x150.jpg 150w, https:\/\/carrosserie12.ch\/wp-content\/uploads\/2021\/03\/glass-1749697_1920-edited-768x766.jpg 768w\" sizes=\"auto, (max-width: 1281px) 100vw, 1281px\" \/><\/figure>\n<\/div>\n<\/div>\n\n\n\n<div style=\"height:40px\" aria-hidden=\"true\" class=\"wp-block-spacer\"><\/div>\n<\/div><\/div>\n<\/div><\/div>\n\n\n\n<div class=\"wp-block-cover alignfull has-nv-dark-bg-background-color has-background-dim\" style=\"min-height:600px;aspect-ratio:unset;\"><div class=\"wp-block-cover__inner-container is-layout-flow wp-block-cover-is-layout-flow\">\n<div class=\"wp-block-group\"><div class=\"wp-block-group__inner-container is-layout-flow wp-block-group-is-layout-flow\">\n<div style=\"height:80px\" aria-hidden=\"true\" class=\"wp-block-spacer\"><\/div>\n\n\n\n<div class=\"wp-block-columns are-vertically-aligned-center is-layout-flex wp-container-core-columns-is-layout-9d6595d7 wp-block-columns-is-layout-flex\">\n<div class=\"wp-block-column is-vertically-aligned-center is-layout-flow wp-block-column-is-layout-flow\" style=\"flex-basis:50%\">\n<figure class=\"wp-block-image size-large\"><img loading=\"lazy\" decoding=\"async\" width=\"1080\" height=\"1080\" src=\"https:\/\/carrosserie12.ch\/wp-content\/uploads\/2021\/03\/pile-1868894_1920-edited.jpg\" alt=\"\" class=\"wp-image-70\" srcset=\"https:\/\/carrosserie12.ch\/wp-content\/uploads\/2021\/03\/pile-1868894_1920-edited.jpg 1080w, https:\/\/carrosserie12.ch\/wp-content\/uploads\/2021\/03\/pile-1868894_1920-edited-300x300.jpg 300w, https:\/\/carrosserie12.ch\/wp-content\/uploads\/2021\/03\/pile-1868894_1920-edited-1024x1024.jpg 1024w, https:\/\/carrosserie12.ch\/wp-content\/uploads\/2021\/03\/pile-1868894_1920-edited-150x150.jpg 150w, https:\/\/carrosserie12.ch\/wp-content\/uploads\/2021\/03\/pile-1868894_1920-edited-768x768.jpg 768w\" sizes=\"auto, (max-width: 1080px) 100vw, 1080px\" \/><\/figure>\n<\/div>\n\n\n\n<div class=\"wp-block-column is-vertically-aligned-center is-layout-flow wp-block-column-is-layout-flow\" style=\"flex-basis:50%\">\n<div style=\"height:40px\" aria-hidden=\"true\" class=\"wp-block-spacer\"><\/div>\n\n\n\n<h2 class=\"has-text-align-left has-nv-text-dark-bg-color has-text-color wp-block-heading\">Reifenhandel<\/h2>\n\n\n\n<p class=\"has-text-align-left has-nv-text-dark-bg-color has-text-color\" style=\"font-size:17px\">Wir bieten Ihnen Reifen und Felgen in allen Dimensionan zu attraktiven Preisen an. Fragen Sie uns noch Heute an und profitieren Sie vom kostenlosen Montageservice beim Kauf neuer Reifen.<\/p>\n\n\n\n<p><\/p>\n\n\n\n<p><\/p>\n<\/div>\n<\/div>\n\n\n\n<div style=\"height:40px\" aria-hidden=\"true\" class=\"wp-block-spacer\"><\/div>\n<\/div><\/div>\n<\/div><\/div>\n\n\n        <div\n            class=\"spotlight-instagram-feed\"\n            data-feed-var=\"e1dca3cf\"\n            data-analytics=\"0\"\n            data-instance=\"32\"\n        >\n        <\/div>\n        <input type=\"hidden\" id=\"sli__f__e1dca3cf\" data-json='{&quot;lightboxCtaStyle&quot;:&quot;link&quot;,&quot;lightboxCtaDesign&quot;:{&quot;text&quot;:{&quot;color&quot;:{&quot;r&quot;:0,&quot;g&quot;:0,&quot;b&quot;:0,&quot;a&quot;:1},&quot;align&quot;:&quot;center&quot;},&quot;bgColor&quot;:{&quot;r&quot;:230,&quot;g&quot;:230,&quot;b&quot;:230,&quot;a&quot;:1},&quot;border&quot;:{&quot;radius&quot;:3}},&quot;loadMoreBtnDesign&quot;:{&quot;text&quot;:{&quot;color&quot;:{&quot;r&quot;:255,&quot;g&quot;:255,&quot;b&quot;:255,&quot;a&quot;:1},&quot;align&quot;:&quot;center&quot;},&quot;border&quot;:{&quot;radius&quot;:3},&quot;bgColor&quot;:{&quot;r&quot;:0,&quot;g&quot;:149,&quot;b&quot;:246,&quot;a&quot;:1},&quot;margin&quot;:{&quot;top&quot;:0,&quot;bottom&quot;:0,&quot;left&quot;:0,&quot;right&quot;:0},&quot;padding&quot;:{&quot;top&quot;:12,&quot;bottom&quot;:12,&quot;left&quot;:12,&quot;right&quot;:12},&quot;onHover&quot;:{&quot;text&quot;:{&quot;color&quot;:{&quot;r&quot;:255,&quot;g&quot;:255,&quot;b&quot;:255,&quot;a&quot;:1}},&quot;bgColor&quot;:{&quot;r&quot;:0,&quot;g&quot;:129,&quot;b&quot;:203,&quot;a&quot;:1}}},&quot;followBtnDesign&quot;:{&quot;text&quot;:{&quot;color&quot;:{&quot;r&quot;:255,&quot;g&quot;:255,&quot;b&quot;:255,&quot;a&quot;:1},&quot;align&quot;:&quot;center&quot;},&quot;border&quot;:{&quot;radius&quot;:3},&quot;bgColor&quot;:{&quot;r&quot;:0,&quot;g&quot;:149,&quot;b&quot;:246,&quot;a&quot;:1},&quot;margin&quot;:{&quot;top&quot;:0,&quot;bottom&quot;:0,&quot;left&quot;:0,&quot;right&quot;:0},&quot;padding&quot;:{&quot;top&quot;:12,&quot;bottom&quot;:12,&quot;left&quot;:12,&quot;right&quot;:12},&quot;onHover&quot;:{&quot;text&quot;:{&quot;color&quot;:{&quot;r&quot;:255,&quot;g&quot;:255,&quot;b&quot;:255,&quot;a&quot;:1}},&quot;bgColor&quot;:{&quot;r&quot;:0,&quot;g&quot;:129,&quot;b&quot;:203,&quot;a&quot;:1}}},&quot;promotionEnabled&quot;:true,&quot;globalPromotionsEnabled&quot;:true,&quot;autoPromotionsEnabled&quot;:true,&quot;promotions&quot;:[],&quot;accounts&quot;:[97],&quot;hashtags&quot;:[],&quot;tagged&quot;:[],&quot;layout&quot;:&quot;grid&quot;,&quot;numColumns&quot;:{&quot;desktop&quot;:3},&quot;highlightFreq&quot;:{&quot;desktop&quot;:7},&quot;sliderNumScrollPosts&quot;:{&quot;desktop&quot;:1},&quot;sliderInfinite&quot;:true,&quot;sliderLoop&quot;:false,&quot;sliderArrowPos&quot;:{&quot;desktop&quot;:&quot;inside&quot;},&quot;sliderArrowSize&quot;:{&quot;desktop&quot;:20},&quot;sliderArrowColor&quot;:{&quot;r&quot;:255,&quot;b&quot;:255,&quot;g&quot;:255,&quot;a&quot;:1},&quot;sliderArrowBgColor&quot;:{&quot;r&quot;:0,&quot;b&quot;:0,&quot;g&quot;:0,&quot;a&quot;:0.8},&quot;mediaType&quot;:&quot;all&quot;,&quot;postOrder&quot;:&quot;date_desc&quot;,&quot;numPosts&quot;:{&quot;desktop&quot;:6},&quot;linkBehavior&quot;:{&quot;desktop&quot;:&quot;lightbox&quot;},&quot;feedWidth&quot;:{&quot;desktop&quot;:&quot;&quot;},&quot;feedHeight&quot;:{&quot;desktop&quot;:&quot;&quot;},&quot;feedPadding&quot;:{&quot;desktop&quot;:20,&quot;tablet&quot;:14,&quot;phone&quot;:10},&quot;imgPadding&quot;:{&quot;desktop&quot;:14,&quot;tablet&quot;:10,&quot;phone&quot;:6},&quot;textSize&quot;:{&quot;desktop&quot;:&quot;&quot;,&quot;tablet&quot;:&quot;&quot;,&quot;phone&quot;:&quot;&quot;},&quot;bgColor&quot;:{&quot;r&quot;:255,&quot;g&quot;:255,&quot;b&quot;:255,&quot;a&quot;:1},&quot;textColorHover&quot;:{&quot;r&quot;:255,&quot;g&quot;:255,&quot;b&quot;:255,&quot;a&quot;:1},&quot;bgColorHover&quot;:{&quot;r&quot;:0,&quot;g&quot;:0,&quot;b&quot;:0,&quot;a&quot;:0.5},&quot;hoverInfo&quot;:[&quot;likes_comments&quot;,&quot;insta_link&quot;],&quot;showHeader&quot;:{&quot;desktop&quot;:true},&quot;headerInfo&quot;:{&quot;desktop&quot;:[&quot;bio&quot;,&quot;profile_pic&quot;]},&quot;headerAccount&quot;:97,&quot;headerStyle&quot;:{&quot;desktop&quot;:&quot;normal&quot;,&quot;phone&quot;:&quot;centered&quot;},&quot;headerTextSize&quot;:{&quot;desktop&quot;:&quot;&quot;},&quot;headerPhotoSize&quot;:{&quot;desktop&quot;:50},&quot;headerTextColor&quot;:{&quot;r&quot;:0,&quot;g&quot;:0,&quot;b&quot;:0,&quot;a&quot;:1},&quot;headerBgColor&quot;:{&quot;r&quot;:255,&quot;g&quot;:255,&quot;b&quot;:255,&quot;a&quot;:1},&quot;headerPadding&quot;:{&quot;desktop&quot;:0},&quot;customBioText&quot;:&quot;&quot;,&quot;customProfilePic&quot;:0,&quot;includeStories&quot;:false,&quot;storiesInterval&quot;:5,&quot;showCaptions&quot;:{&quot;desktop&quot;:false},&quot;captionMaxLength&quot;:{&quot;desktop&quot;:0},&quot;captionRemoveDots&quot;:false,&quot;captionSize&quot;:{&quot;desktop&quot;:0},&quot;captionColor&quot;:{&quot;r&quot;:0,&quot;g&quot;:0,&quot;b&quot;:0,&quot;a&quot;:1},&quot;showLikes&quot;:{&quot;desktop&quot;:false},&quot;showComments&quot;:{&quot;desktop&quot;:false},&quot;lcIconSize&quot;:{&quot;desktop&quot;:14},&quot;likesIconColor&quot;:{&quot;r&quot;:0,&quot;g&quot;:0,&quot;b&quot;:0,&quot;a&quot;:1},&quot;commentsIconColor&quot;:{&quot;r&quot;:0,&quot;g&quot;:0,&quot;b&quot;:0,&quot;a&quot;:1},&quot;lightboxShowSidebar&quot;:false,&quot;numLightboxComments&quot;:50,&quot;showLoadMoreBtn&quot;:{&quot;desktop&quot;:true},&quot;loadMoreBtnText&quot;:&quot;Load more&quot;,&quot;loadMoreBtnScroll&quot;:true,&quot;autoload&quot;:false,&quot;showFollowBtn&quot;:{&quot;desktop&quot;:true},&quot;followBtnText&quot;:&quot;Auf Instagram folgen&quot;,&quot;followBtnLocation&quot;:{&quot;desktop&quot;:&quot;header&quot;,&quot;phone&quot;:&quot;bottom&quot;},&quot;hashtagWhitelist&quot;:[],&quot;hashtagBlacklist&quot;:[],&quot;captionWhitelist&quot;:[],&quot;captionBlacklist&quot;:[],&quot;hashtagWhitelistSettings&quot;:true,&quot;hashtagBlacklistSettings&quot;:true,&quot;captionWhitelistSettings&quot;:true,&quot;captionBlacklistSettings&quot;:true,&quot;moderation&quot;:[],&quot;moderationMode&quot;:&quot;blacklist&quot;,&quot;className&quot;:&quot;&quot;}' \/>\n        <input type=\"hidden\" id=\"sli__a__e1dca3cf\" data-json='[{&quot;id&quot;:97,&quot;type&quot;:&quot;PERSONAL&quot;,&quot;userId&quot;:&quot;17841405858678184&quot;,&quot;username&quot;:&quot;carrosserie12gmbh&quot;,&quot;bio&quot;:&quot;&quot;,&quot;customBio&quot;:&quot;carrosserie12.ch\\nEggetsb\\u00fchlerstrasse 3 - 9545 W\\u00e4ngi&quot;,&quot;profilePicUrl&quot;:&quot;&quot;,&quot;customProfilePicUrl&quot;:&quot;https:\\\/\\\/carrosserie12.ch\\\/wp-content\\\/uploads\\\/2021\\\/04\\\/Bildschirmfoto-2021-04-29-um-13.42.41.png&quot;,&quot;mediaCount&quot;:&quot;13&quot;,&quot;followersCount&quot;:&quot;0&quot;,&quot;usages&quot;:[],&quot;creationDate&quot;:&quot;2021-04-29 11:40:53&quot;}]' \/>\n        <input type=\"hidden\" id=\"sli__m__e1dca3cf\" data-json='[]' \/>\n        \n\n\n<div class=\"wp-block-cover alignfull has-nv-dark-bg-background-color has-background-dim\" style=\"min-height:300px;aspect-ratio:unset;\"><div class=\"wp-block-cover__inner-container is-layout-flow wp-block-cover-is-layout-flow\">\n<h2 class=\"has-text-align-center has-nv-text-dark-bg-color has-text-color wp-block-heading\">Holen Sie noch heute eine kostenlose und unverbindliche Offerte bei uns ein<\/h2>\n\n\n\n<p class=\"has-text-align-center has-medium-font-size\"> <\/p>\n<\/div><\/div>\n","protected":false},"excerpt":{"rendered":"<p>Faire Preiskultur Bei uns haben alle Kunden die gleichen Preise, da wir jedem von Anfang an den besten Preis offerieren. Professionell Mit \u00fcber 8 Jahren Erfahrung in der Automobilbranche sind wir Ihr richtiger Partner. Schnelle Arbeit Wir geben immer unser Bestes, damit Ihr Auftrag fachgerecht und schnell abgeschlossen wird und Sie nicht lange auf Ihr&hellip;&nbsp;<a href=\"https:\/\/carrosserie12.ch\/\" rel=\"bookmark\">Weiterlesen &raquo;<span class=\"screen-reader-text\">Carrosserie12 GmbH<\/span><\/a><\/p>\n","protected":false},"author":2,"featured_media":0,"parent":0,"menu_order":0,"comment_status":"closed","ping_status":"closed","template":"","meta":{"neve_meta_sidebar":"","neve_meta_container":"default","neve_meta_enable_content_width":"on","neve_meta_content_width":100,"neve_meta_title_alignment":"left","neve_meta_author_avatar":"","neve_post_elements_order":"","neve_meta_disable_header":"off","neve_meta_disable_footer":"","neve_meta_disable_title":"on","footnotes":""},"class_list":["post-32","page","type-page","status-publish","hentry"],"_links":{"self":[{"href":"https:\/\/carrosserie12.ch\/index.php\/wp-json\/wp\/v2\/pages\/32","targetHints":{"allow":["GET"]}}],"collection":[{"href":"https:\/\/carrosserie12.ch\/index.php\/wp-json\/wp\/v2\/pages"}],"about":[{"href":"https:\/\/carrosserie12.ch\/index.php\/wp-json\/wp\/v2\/types\/page"}],"author":[{"embeddable":true,"href":"https:\/\/carrosserie12.ch\/index.php\/wp-json\/wp\/v2\/users\/2"}],"replies":[{"embeddable":true,"href":"https:\/\/carrosserie12.ch\/index.php\/wp-json\/wp\/v2\/comments?post=32"}],"version-history":[{"count":27,"href":"https:\/\/carrosserie12.ch\/index.php\/wp-json\/wp\/v2\/pages\/32\/revisions"}],"predecessor-version":[{"id":285,"href":"https:\/\/carrosserie12.ch\/index.php\/wp-json\/wp\/v2\/pages\/32\/revisions\/285"}],"wp:attachment":[{"href":"https:\/\/carrosserie12.ch\/index.php\/wp-json\/wp\/v2\/media?parent=32"}],"curies":[{"name":"wp","href":"https:\/\/api.w.org\/{rel}","templated":true}]}}